{"id":7469,"date":"2018-04-12T14:55:54","date_gmt":"2018-04-12T14:55:54","guid":{"rendered":"http:\/\/andaluciaexperiencias.com\/flamenco-cuevas-sacromonte\/"},"modified":"2024-12-11T07:40:14","modified_gmt":"2024-12-11T07:40:14","slug":"flamenco-cuevas-sacromonte","status":"publish","type":"page","link":"https:\/\/www.andaluciaexperiencias.com\/en\/flamenco-cuevas-sacromonte\/","title":{"rendered":"FLAMENCO IN SACROMONTE CAVES"},"content":{"rendered":"<p>[et_pb_section fb_built=&#8221;1&#8243; fullwidth=&#8221;on&#8221; _builder_version=&#8221;4.24.0&#8243; _module_preset=&#8221;default&#8221; global_colors_info=&#8221;{}&#8221;][et_pb_fullwidth_slider _builder_version=&#8221;4.24.0&#8243; _module_preset=&#8221;default&#8221; custom_padding=&#8221;112px||327px|||&#8221; global_colors_info=&#8221;{}&#8221;][et_pb_slide heading=&#8221;Flamenco show in Sacromonte caves&#8221; _builder_version=&#8221;4.24.0&#8243; _module_preset=&#8221;default&#8221; background_image=&#8221;https:\/\/www.andaluciaexperiencias.com\/wp-content\/uploads\/2023\/01\/sacromonte.jpg&#8221; background_enable_image=&#8221;on&#8221; global_colors_info=&#8221;{}&#8221; sticky_transition=&#8221;on&#8221;][\/et_pb_slide][\/et_pb_fullwidth_slider][\/et_pb_section][et_pb_section fb_built=&#8221;1&#8243; fullwidth=&#8221;on&#8221; _builder_version=&#8221;4.16&#8243; global_colors_info=&#8221;{}&#8221;][et_pb_fullwidth_code _builder_version=&#8221;4.24.0&#8243; custom_margin=&#8221;68px||62px|||&#8221; hover_enabled=&#8221;0&#8243; global_colors_info=&#8221;{}&#8221; sticky_enabled=&#8221;0&#8243;]<script type=\"text\/javascript\" src=\"https:\/\/widgets.bokun.io\/assets\/javascripts\/apps\/build\/BokunWidgetsLoader.js?bookingChannelUUID=6910b9f7-a63f-406a-afbb-03ae5ef1b535\" async><\/script><!-- [et_pb_line_break_holder] -->     <!-- [et_pb_line_break_holder] -->    <\/p>\n<div class=\"bokunWidget\" data-src=\"https:\/\/widgets.bokun.io\/online-sales\/6910b9f7-a63f-406a-afbb-03ae5ef1b535\/experience\/133149\"><\/div>\n<p><!-- [et_pb_line_break_holder] -->    <noscript>Please enable javascript in your browser to book<\/noscript><!-- [et_pb_line_break_holder] -->[\/et_pb_fullwidth_code][\/et_pb_section][et_pb_section fb_built=&#8221;1&#8243; disabled_on=&#8221;on|on|on&#8221; admin_label=&#8221;section&#8221; _builder_version=&#8221;4.16&#8243; custom_padding=&#8221;||48px|||&#8221; disabled=&#8221;on&#8221; global_colors_info=&#8221;{}&#8221;][et_pb_row column_structure=&#8221;1_2,1_2&#8243; admin_label=&#8221;row&#8221; _builder_version=&#8221;4.16&#8243; background_size=&#8221;initial&#8221; background_position=&#8221;top_left&#8221; background_repeat=&#8221;repeat&#8221; global_colors_info=&#8221;{}&#8221;][et_pb_column type=&#8221;1_2&#8243; _builder_version=&#8221;4.16&#8243; custom_padding=&#8221;|||&#8221; global_colors_info=&#8221;{}&#8221; custom_padding__hover=&#8221;|||&#8221;][et_pb_text _builder_version=&#8221;4.16&#8243; background_size=&#8221;initial&#8221; background_position=&#8221;top_left&#8221; background_repeat=&#8221;repeat&#8221; vertical_offset_tablet=&#8221;0&#8243; horizontal_offset_tablet=&#8221;0&#8243; z_index_tablet=&#8221;0&#8243; text_text_shadow_horizontal_length_tablet=&#8221;0px&#8221; text_text_shadow_vertical_length_tablet=&#8221;0px&#8221; text_text_shadow_blur_strength_tablet=&#8221;1px&#8221; link_text_shadow_horizontal_length_tablet=&#8221;0px&#8221; link_text_shadow_vertical_length_tablet=&#8221;0px&#8221; link_text_shadow_blur_strength_tablet=&#8221;1px&#8221; ul_text_shadow_horizontal_length_tablet=&#8221;0px&#8221; ul_text_shadow_vertical_length_tablet=&#8221;0px&#8221; ul_text_shadow_blur_strength_tablet=&#8221;1px&#8221; ol_text_shadow_horizontal_length_tablet=&#8221;0px&#8221; ol_text_shadow_vertical_length_tablet=&#8221;0px&#8221; ol_text_shadow_blur_strength_tablet=&#8221;1px&#8221; quote_text_shadow_horizontal_length_tablet=&#8221;0px&#8221; quote_text_shadow_vertical_length_tablet=&#8221;0px&#8221; quote_text_shadow_blur_strength_tablet=&#8221;1px&#8221; header_text_shadow_horizontal_length_tablet=&#8221;0px&#8221; header_text_shadow_vertical_length_tablet=&#8221;0px&#8221; header_text_shadow_blur_strength_tablet=&#8221;1px&#8221; header_2_text_shadow_horizontal_length_tablet=&#8221;0px&#8221; header_2_text_shadow_vertical_length_tablet=&#8221;0px&#8221; header_2_text_shadow_blur_strength_tablet=&#8221;1px&#8221; header_3_text_shadow_horizontal_length_tablet=&#8221;0px&#8221; header_3_text_shadow_vertical_length_tablet=&#8221;0px&#8221; header_3_text_shadow_blur_strength_tablet=&#8221;1px&#8221; header_4_text_shadow_horizontal_length_tablet=&#8221;0px&#8221; header_4_text_shadow_vertical_length_tablet=&#8221;0px&#8221; header_4_text_shadow_blur_strength_tablet=&#8221;1px&#8221; header_5_text_shadow_horizontal_length_tablet=&#8221;0px&#8221; header_5_text_shadow_vertical_length_tablet=&#8221;0px&#8221; header_5_text_shadow_blur_strength_tablet=&#8221;1px&#8221; header_6_text_shadow_horizontal_length_tablet=&#8221;0px&#8221; header_6_text_shadow_vertical_length_tablet=&#8221;0px&#8221; header_6_text_shadow_blur_strength_tablet=&#8221;1px&#8221; box_shadow_horizontal_tablet=&#8221;0px&#8221; box_shadow_vertical_tablet=&#8221;0px&#8221; box_shadow_blur_tablet=&#8221;40px&#8221; box_shadow_spread_tablet=&#8221;0px&#8221; use_border_color=&#8221;off&#8221; global_colors_info=&#8221;{}&#8221;]<\/p>\n<h1 class=\"product_title entry-title\">Flamenco show in Sacromonte caves<\/h1>\n<p>The gypsies have been settled on the slopes of Cerro de San Miguel and on the banks of the Camino del Sacromonte (the old Muslim road of Guadix) since the eighteenth century. Those gypsies of humble condition live on the high parts of Sacromonte. Their caves&#8217;s entrance serves as kitchen, and they have a dining room and one or two bedrooms, depending on their means and the land.<\/p>\n<p>The caves of Sacromonte have been home for centuries to gypsies,\u00a0 bohemians and flamenco artists. Souls with deep passions and dark mysteries all expressed in their Zambras (gypsy celebrations).<\/p>\n<p>We will enjoy an approx. 1h flamenco show with a drink. Before it begins, we will go for a walk around Albayzin to discover a complety different neighborhood at nightfall.<\/p>\n<p>[\/et_pb_text][et_pb_text _builder_version=&#8221;4.16&#8243; background_size=&#8221;initial&#8221; background_position=&#8221;top_left&#8221; background_repeat=&#8221;repeat&#8221; use_border_color=&#8221;off&#8221; border_color=&#8221;#ffffff&#8221; border_style=&#8221;solid&#8221; global_colors_info=&#8221;{}&#8221;]<\/p>\n<h4><strong>ADDITIONAL INFORMATION:<\/strong><\/h4>\n<p>Duration: 2 hours<\/p>\n<p>Schedule: Every day at 9:30 p.m.<br \/>\nLanguages: Spanish, English, French, Italian, German and Chinese (other languages, please consult)<\/p>\n<p><strong>What&#8217;s INCLUDED in the tour:<\/p>\n<p><\/strong>&#8211; Guided tour through the Albayzin neighborhood<\/p>\n<p>&#8211; Flamenco show<\/p>\n<p>&#8211; A drink during the show<\/p>\n<h4><strong>What&#8217;s EXCLUDED in the tour:<\/p>\n<p><\/strong>&#8211; Other unspecified extras<\/h4>\n<h4><strong>MEETING POINT: <\/strong>Eurostars Gran V\u00eda Hotel (Gran V\u00eda de Col\u00f3n Street, Granada)<\/h4>\n<p>[\/et_pb_text][\/et_pb_column][et_pb_column type=&#8221;1_2&#8243; _builder_version=&#8221;4.16&#8243; custom_padding=&#8221;|||&#8221; global_colors_info=&#8221;{}&#8221; custom_padding__hover=&#8221;|||&#8221;][et_pb_gallery gallery_ids=&#8221;4908,4904,4902,4906&#8243; fullwidth=&#8221;on&#8221; _builder_version=&#8221;4.16&#8243; auto=&#8221;on&#8221; auto_speed=&#8221;1800&#8243; border_width_all=&#8221;9px&#8221; border_color_all=&#8221;#7cda24&#8243; use_border_color=&#8221;off&#8221; border_color=&#8221;#ffffff&#8221; border_style=&#8221;solid&#8221; global_colors_info=&#8221;{}&#8221;]<br \/>\n[\/et_pb_gallery][et_pb_text _builder_version=&#8221;4.16&#8243; global_colors_info=&#8221;{}&#8221;]<\/p>\n<h3 style=\"text-align: center;\">35,00 \u20ac per person<\/h3>\n<p>[\/et_pb_text][et_pb_code _builder_version=&#8221;4.16&#8243; custom_margin=&#8221;10px|||||&#8221; global_colors_info=&#8221;{}&#8221;][fareharbor shortname=&#8221;andaluciaexperiencias&#8221; fallback=&#8221;simple&#8221; full_items=&#8221;yes&#8221; flow=&#8221;163131&#8243; items=&#8221;141577&#8243; type=&#8221;responsive&#8221;][\/et_pb_code][et_pb_image src=&#8221;https:\/\/www.andaluciaexperiencias.com\/wp-content\/uploads\/2018\/05\/pagoseguro-12.jpg&#8221; align_tablet=&#8221;center&#8221; align_phone=&#8221;&#8221; align_last_edited=&#8221;on|desktop&#8221; _builder_version=&#8221;4.16&#8243; use_border_color=&#8221;off&#8221; border_color=&#8221;#ffffff&#8221; border_style=&#8221;solid&#8221; animation=&#8221;off&#8221; sticky=&#8221;off&#8221; global_colors_info=&#8221;{}&#8221;]<br \/>\n[\/et_pb_image][et_pb_text _builder_version=&#8221;4.16&#8243; background_size=&#8221;initial&#8221; background_position=&#8221;top_left&#8221; background_repeat=&#8221;repeat&#8221; use_border_color=&#8221;off&#8221; border_color=&#8221;#ffffff&#8221; border_style=&#8221;solid&#8221; global_colors_info=&#8221;{}&#8221;]<\/p>\n<p>If you have any question, call us or Whatsapp at +34 637 822 722 \/ +34 654 937 420 or send us an email to\u00a0<a href=\"mailto:booking@andaluciaexperiencias.com\">booking@andaluciaexperiencias.com<\/a><\/p>\n<p>[\/et_pb_text][\/et_pb_column][\/et_pb_row][\/et_pb_section][et_pb_section fb_built=&#8221;1&#8243; _builder_version=&#8221;4.3.1&#8243; background_color=&#8221;#082530&#8243; custom_padding=&#8221;8px||13px|||&#8221; global_module=&#8221;22198&#8243; saved_tabs=&#8221;all&#8221; global_colors_info=&#8221;{}&#8221;][et_pb_row column_structure=&#8221;1_4,1_4,1_4,1_4&#8243; use_custom_gutter=&#8221;on&#8221; gutter_width=&#8221;4&#8243; _builder_version=&#8221;4.16&#8243; width=&#8221;99%&#8221; max_width=&#8221;1714px&#8221; min_height=&#8221;266px&#8221; custom_padding=&#8221;||2px|||&#8221; global_colors_info=&#8221;{}&#8221;][et_pb_column type=&#8221;1_4&#8243; _builder_version=&#8221;4.16&#8243; global_colors_info=&#8221;{}&#8221;][et_pb_text _builder_version=&#8221;4.24.0&#8243; custom_margin=&#8221;|-77px||||&#8221; global_colors_info=&#8221;{}&#8221;]<\/p>\n<blockquote>\n<p><strong>ANDALUC\u00cdA EXPERIENCIAS<\/strong><\/p>\n<p><span style=\"color: #ffffff;\"><a href=\"mailto:booking@andaluciaexperiencias.com\" style=\"color: #ffffff;\">booking@andaluciaexperiencias.com<\/a><\/span><\/p>\n<p><span>0034 656 883 371 \/ 0034 654 937 420<\/span><\/p>\n<p><span><\/span><\/p>\n<p>Huelva, 1 2\u00ba C<\/p>\n<p>41900 Camas (Sevilla)<\/p>\n<p>C.I.A.N. License &#8211; 417886-2<\/p>\n<\/blockquote>\n<h5><span><a href=\"https:\/\/join.skype.com\/invite\/j1drMC7juopH\"><\/a><\/span><\/h5>\n<p>&nbsp;<\/p>\n<p>[\/et_pb_text][\/et_pb_column][et_pb_column type=&#8221;1_4&#8243; _builder_version=&#8221;4.16&#8243; global_colors_info=&#8221;{}&#8221;][et_pb_text _builder_version=&#8221;4.24.0&#8243; global_colors_info=&#8221;{}&#8221;]<\/p>\n<blockquote>\n<p><span style=\"color: #ffffff;\">INFO<\/span><\/p>\n<p><a href=\"\/?page_id=29490\"><span style=\"color: #808080;\">About us<\/span><\/a><\/p>\n<p><a href=\"https:\/\/www.andaluciaexperiencias.com\/contacto\/\"><span style=\"color: #808080;\">Contact<\/span><\/a><\/p>\n<p><span style=\"color: #808080;\"><a href=\"https:\/\/www.andaluciaexperiencias.com\/en\/frequently-asked-questions\/\" style=\"color: #808080;\">Frequently Asked Questions<\/a><\/span><\/p>\n<p><span style=\"color: #808080;\"><a href=\"https:\/\/www.andaluciaexperiencias.com\/en\/privacy-and-cookies-policy\/\" style=\"color: #808080;\">Cookies and Privacy Policy<\/a><\/span><\/p>\n<p><span style=\"color: #808080;\"><a href=\"https:\/\/www.andaluciaexperiencias.com\/en\/terms-and-coditions\/\" style=\"color: #808080;\">Terms and Conditions<\/a><\/span><\/p>\n<\/blockquote>\n<p>[\/et_pb_text][\/et_pb_column][et_pb_column type=&#8221;1_4&#8243; _builder_version=&#8221;4.16&#8243; global_colors_info=&#8221;{}&#8221;][et_pb_text _builder_version=&#8221;4.16&#8243; custom_margin=&#8221;||18px|||&#8221; global_colors_info=&#8221;{}&#8221;]<\/p>\n<blockquote>\n<p><span style=\"color: #ffffff;\">Sign up to our Newsletter<\/span><\/p>\n<p><span>[sibwp_form id=2]<\/span><\/p>\n<\/blockquote>\n<p>[\/et_pb_text][et_pb_image src=&#8221;https:\/\/www.andaluciaexperiencias.com\/wp-content\/uploads\/2024\/01\/reviews-tripadvisor.png&#8221; title_text=&#8221;reviews tripadvisor&#8221; url=&#8221;https:\/\/www.tripadvisor.com\/Attraction_Review-g187443-d4875933-Reviews-Andalucia_Experiencias-Seville_Province_of_Seville_Andalucia.html&#8221; show_bottom_space=&#8221;off&#8221; _builder_version=&#8221;4.24.0&#8243; _module_preset=&#8221;default&#8221; width=&#8221;57%&#8221; custom_margin=&#8221;|0px|0px||false|false&#8221; custom_padding=&#8221;||0px||false|false&#8221; global_colors_info=&#8221;{}&#8221;][\/et_pb_image][\/et_pb_column][et_pb_column type=&#8221;1_4&#8243; _builder_version=&#8221;4.16&#8243; global_colors_info=&#8221;{}&#8221;][et_pb_text _builder_version=&#8221;4.24.0&#8243; global_colors_info=&#8221;{}&#8221;]<\/p>\n<blockquote>\n<p><span style=\"color: #ffffff;\">FOLLOW US<\/span><\/p>\n<p><span style=\"color: #808080;\"><a href=\"https:\/\/www.andaluciaexperiencias.com\/us\/huelva-6-beautiful-villages-with-charm\/\" style=\"color: #808080;\">Blog &#8211; &#8220;Hidden Andalusia&#8221;<\/a><\/span><\/p>\n<p><span style=\"color: #808080;\"><a href=\"https:\/\/www.instagram.com\/andalucia_experiencias\/\" style=\"color: #808080;\">Instagram<\/a><\/span><\/p>\n<p><span style=\"color: #808080;\"><a href=\"https:\/\/www.facebook.com\/AndaluciaExperiencias\/?locale=es_ES\" style=\"color: #808080;\">Facebook<\/a><\/span><\/p>\n<\/blockquote>\n<p>[\/et_pb_text][\/et_pb_column][\/et_pb_row][et_pb_row _builder_version=&#8221;4.16&#8243; global_colors_info=&#8221;{}&#8221;][et_pb_column type=&#8221;4_4&#8243; _builder_version=&#8221;4.16&#8243; global_colors_info=&#8221;{}&#8221;][et_pb_text _builder_version=&#8221;4.16&#8243; global_colors_info=&#8221;{}&#8221;]<\/p>\n<h3 style=\"text-align: center;\"><span style=\"color: #999999;\">OFFICIAL PARTNERSHIP<\/span><\/h3>\n<p>[\/et_pb_text][\/et_pb_column][\/et_pb_row][\/et_pb_section][et_pb_section fb_built=&#8221;1&#8243; _builder_version=&#8221;4.3.1&#8243; custom_padding=&#8221;8px||29px|||&#8221; global_module=&#8221;19451&#8243; global_colors_info=&#8221;{}&#8221;][et_pb_row column_structure=&#8221;1_6,1_6,1_6,1_6,1_6,1_6&#8243; _builder_version=&#8221;4.24.0&#8243; width=&#8221;93%&#8221; max_width=&#8221;1695px&#8221; custom_padding=&#8221;13px|||||&#8221; global_colors_info=&#8221;{}&#8221;][et_pb_column type=&#8221;1_6&#8243; _builder_version=&#8221;4.16&#8243; global_colors_info=&#8221;{}&#8221;][et_pb_image src=&#8221;https:\/\/www.andaluciaexperiencias.com\/wp-content\/uploads\/2024\/01\/Logos-FPA-El-legado-andalusi-2020-color.jpg&#8221; title_text=&#8221;Logos-FPA-El-legado-andalus\u00ed-2020-color&#8221; _builder_version=&#8221;4.24.0&#8243; custom_margin=&#8221;10px||||false|false&#8221; global_colors_info=&#8221;{}&#8221;][\/et_pb_image][\/et_pb_column][et_pb_column type=&#8221;1_6&#8243; _builder_version=&#8221;4.16&#8243; global_colors_info=&#8221;{}&#8221;][et_pb_image src=&#8221;https:\/\/www.andaluciaexperiencias.com\/wp-content\/uploads\/2024\/01\/Caminos-de-pasion-logo-1.png&#8221; title_text=&#8221;Caminos-de-pasion-logo (1)&#8221; _builder_version=&#8221;4.24.0&#8243; global_colors_info=&#8221;{}&#8221;][\/et_pb_image][\/et_pb_column][et_pb_column type=&#8221;1_6&#8243; _builder_version=&#8221;4.16&#8243; global_colors_info=&#8221;{}&#8221;][et_pb_image src=&#8221;https:\/\/www.andaluciaexperiencias.com\/wp-content\/uploads\/2024\/01\/descarga-1.png&#8221; title_text=&#8221;descarga (1)&#8221; _builder_version=&#8221;4.24.0&#8243; width=&#8221;78%&#8221; max_width=&#8221;75%&#8221; custom_padding=&#8221;||0px|||&#8221; global_colors_info=&#8221;{}&#8221;][\/et_pb_image][\/et_pb_column][et_pb_column type=&#8221;1_6&#8243; _builder_version=&#8221;4.24.0&#8243; _module_preset=&#8221;default&#8221; global_colors_info=&#8221;{}&#8221;][et_pb_image src=&#8221;https:\/\/www.andaluciaexperiencias.com\/wp-content\/uploads\/2020\/10\/logo-andalucia.png&#8221; title_text=&#8221;logo-andalucia&#8221; _builder_version=&#8221;4.24.0&#8243; _module_preset=&#8221;default&#8221; global_colors_info=&#8221;{}&#8221;][\/et_pb_image][\/et_pb_column][et_pb_column type=&#8221;1_6&#8243; _builder_version=&#8221;4.16&#8243; global_colors_info=&#8221;{}&#8221;][et_pb_image src=&#8221;https:\/\/www.andaluciaexperiencias.com\/wp-content\/uploads\/2024\/01\/Logo-Original.png&#8221; title_text=&#8221;Logo Original&#8221; _builder_version=&#8221;4.24.0&#8243; custom_margin=&#8221;25px||||false|false&#8221; global_colors_info=&#8221;{}&#8221;][\/et_pb_image][\/et_pb_column][et_pb_column type=&#8221;1_6&#8243; _builder_version=&#8221;4.16&#8243; global_colors_info=&#8221;{}&#8221;][et_pb_image src=&#8221;https:\/\/www.andaluciaexperiencias.com\/wp-content\/uploads\/2024\/01\/descarga-2.png&#8221; title_text=&#8221;descarga (2)&#8221; _builder_version=&#8221;4.24.0&#8243; global_colors_info=&#8221;{}&#8221;][\/et_pb_image][\/et_pb_column][\/et_pb_row][\/et_pb_section]<\/p>\n","protected":false},"excerpt":{"rendered":"<p>Flamenco show in Sacromonte caves The gypsies have been settled on the slopes of Cerro de San Miguel and on the banks of the Camino del Sacromonte (the old Muslim road of Guadix) since the eighteenth century. Those gypsies of humble condition live on the high parts of Sacromonte. Their caves&#8217;s entrance serves as kitchen, [&hellip;]<\/p>\n","protected":false},"author":1,"featured_media":0,"parent":0,"menu_order":0,"comment_status":"closed","ping_status":"closed","template":"","meta":{"_et_pb_use_builder":"on","_et_pb_old_content":"","_et_gb_content_width":"","_monsterinsights_skip_tracking":false,"_monsterinsights_sitenote_active":false,"_monsterinsights_sitenote_note":"","_monsterinsights_sitenote_category":0,"_joinchat":[],"footnotes":""},"class_list":["post-7469","page","type-page","status-publish","hentry"],"yoast_head":"<!-- This site is optimized with the Yoast SEO Premium plugin v27.0 (Yoast SEO v27.0) - https:\/\/yoast.com\/product\/yoast-seo-premium-wordpress\/ -->\n<title>Flamenco show in Sacromonte caves with transfer. Andaluc\u00eda Experiencias<\/title>\n<meta name=\"description\" content=\"Discover the magic of the gypsy &quot;zambra&quot; in the Sacromonte caves. With transfer, guided visit to the Albayzin neighborhood and a drink.\" \/>\n<meta name=\"robots\" content=\"index, follow, max-snippet:-1, max-image-preview:large, max-video-preview:-1\" \/>\n<link rel=\"canonical\" href=\"https:\/\/www.andaluciaexperiencias.com\/en\/flamenco-cuevas-sacromonte\/\" \/>\n<meta property=\"og:locale\" content=\"en_US\" \/>\n<meta property=\"og:type\" content=\"article\" \/>\n<meta property=\"og:title\" content=\"FLAMENCO IN SACROMONTE CAVES\" \/>\n<meta property=\"og:description\" content=\"Discover the magic of the gypsy &quot;zambra&quot; in the Sacromonte caves. With transfer, guided visit to the Albayzin neighborhood and a drink.\" \/>\n<meta property=\"og:url\" content=\"https:\/\/www.andaluciaexperiencias.com\/en\/flamenco-cuevas-sacromonte\/\" \/>\n<meta property=\"og:site_name\" content=\"Andaluc\u00eda Experiencias\" \/>\n<meta property=\"article:publisher\" content=\"https:\/\/www.facebook.com\/AndaluciaExperiencias\/\" \/>\n<meta property=\"article:modified_time\" content=\"2024-12-11T07:40:14+00:00\" \/>\n<meta name=\"twitter:card\" content=\"summary_large_image\" \/>\n<meta name=\"twitter:site\" content=\"@AndaluciaEx\" \/>\n<meta name=\"twitter:label1\" content=\"Est. reading time\" \/>\n\t<meta name=\"twitter:data1\" content=\"7 minutes\" \/>\n<script type=\"application\/ld+json\" class=\"yoast-schema-graph\">{\"@context\":\"https:\/\/schema.org\",\"@graph\":[{\"@type\":\"WebPage\",\"@id\":\"https:\/\/www.andaluciaexperiencias.com\/en\/flamenco-cuevas-sacromonte\/\",\"url\":\"https:\/\/www.andaluciaexperiencias.com\/en\/flamenco-cuevas-sacromonte\/\",\"name\":\"Flamenco show in Sacromonte caves with transfer. Andaluc\u00eda Experiencias\",\"isPartOf\":{\"@id\":\"https:\/\/www.andaluciaexperiencias.com\/#website\"},\"datePublished\":\"2018-04-12T14:55:54+00:00\",\"dateModified\":\"2024-12-11T07:40:14+00:00\",\"description\":\"Discover the magic of the gypsy \\\"zambra\\\" in the Sacromonte caves. With transfer, guided visit to the Albayzin neighborhood and a drink.\",\"breadcrumb\":{\"@id\":\"https:\/\/www.andaluciaexperiencias.com\/en\/flamenco-cuevas-sacromonte\/#breadcrumb\"},\"inLanguage\":\"en-UK\",\"potentialAction\":[{\"@type\":\"ReadAction\",\"target\":[\"https:\/\/www.andaluciaexperiencias.com\/en\/flamenco-cuevas-sacromonte\/\"]}]},{\"@type\":\"BreadcrumbList\",\"@id\":\"https:\/\/www.andaluciaexperiencias.com\/en\/flamenco-cuevas-sacromonte\/#breadcrumb\",\"itemListElement\":[{\"@type\":\"ListItem\",\"position\":1,\"name\":\"Portada\",\"item\":\"https:\/\/www.andaluciaexperiencias.com\/en\/\"},{\"@type\":\"ListItem\",\"position\":2,\"name\":\"FLAMENCO IN SACROMONTE CAVES\"}]},{\"@type\":\"WebSite\",\"@id\":\"https:\/\/www.andaluciaexperiencias.com\/#website\",\"url\":\"https:\/\/www.andaluciaexperiencias.com\/\",\"name\":\"Andaluc\u00eda Experiencias\",\"description\":\"Viajes a medida a Andaluc\u00eda\",\"publisher\":{\"@id\":\"https:\/\/www.andaluciaexperiencias.com\/#organization\"},\"potentialAction\":[{\"@type\":\"SearchAction\",\"target\":{\"@type\":\"EntryPoint\",\"urlTemplate\":\"https:\/\/www.andaluciaexperiencias.com\/?s={search_term_string}\"},\"query-input\":{\"@type\":\"PropertyValueSpecification\",\"valueRequired\":true,\"valueName\":\"search_term_string\"}}],\"inLanguage\":\"en-UK\"},{\"@type\":\"Organization\",\"@id\":\"https:\/\/www.andaluciaexperiencias.com\/#organization\",\"name\":\"Andalucia Experiencias\",\"url\":\"https:\/\/www.andaluciaexperiencias.com\/\",\"logo\":{\"@type\":\"ImageObject\",\"inLanguage\":\"en-UK\",\"@id\":\"https:\/\/www.andaluciaexperiencias.com\/#\/schema\/logo\/image\/\",\"url\":\"https:\/\/www.andaluciaexperiencias.com\/wp-content\/uploads\/2017\/04\/logo-1.jpg\",\"contentUrl\":\"https:\/\/www.andaluciaexperiencias.com\/wp-content\/uploads\/2017\/04\/logo-1.jpg\",\"width\":650,\"height\":200,\"caption\":\"Andalucia Experiencias\"},\"image\":{\"@id\":\"https:\/\/www.andaluciaexperiencias.com\/#\/schema\/logo\/image\/\"},\"sameAs\":[\"https:\/\/www.facebook.com\/AndaluciaExperiencias\/\",\"https:\/\/x.com\/AndaluciaEx\",\"https:\/\/www.instagram.com\/andalucia_experiencias\/?hl=es\",\"https:\/\/es.pinterest.com\/grupoedutravel\/\"]}]}<\/script>\n<!-- \/ Yoast SEO Premium plugin. -->","yoast_head_json":{"title":"Flamenco show in Sacromonte caves with transfer. Andaluc\u00eda Experiencias","description":"Discover the magic of the gypsy \"zambra\" in the Sacromonte caves. With transfer, guided visit to the Albayzin neighborhood and a drink.","robots":{"index":"index","follow":"follow","max-snippet":"max-snippet:-1","max-image-preview":"max-image-preview:large","max-video-preview":"max-video-preview:-1"},"canonical":"https:\/\/www.andaluciaexperiencias.com\/en\/flamenco-cuevas-sacromonte\/","og_locale":"en_US","og_type":"article","og_title":"FLAMENCO IN SACROMONTE CAVES","og_description":"Discover the magic of the gypsy \"zambra\" in the Sacromonte caves. With transfer, guided visit to the Albayzin neighborhood and a drink.","og_url":"https:\/\/www.andaluciaexperiencias.com\/en\/flamenco-cuevas-sacromonte\/","og_site_name":"Andaluc\u00eda Experiencias","article_publisher":"https:\/\/www.facebook.com\/AndaluciaExperiencias\/","article_modified_time":"2024-12-11T07:40:14+00:00","twitter_card":"summary_large_image","twitter_site":"@AndaluciaEx","twitter_misc":{"Est. reading time":"7 minutes"},"schema":{"@context":"https:\/\/schema.org","@graph":[{"@type":"WebPage","@id":"https:\/\/www.andaluciaexperiencias.com\/en\/flamenco-cuevas-sacromonte\/","url":"https:\/\/www.andaluciaexperiencias.com\/en\/flamenco-cuevas-sacromonte\/","name":"Flamenco show in Sacromonte caves with transfer. Andaluc\u00eda Experiencias","isPartOf":{"@id":"https:\/\/www.andaluciaexperiencias.com\/#website"},"datePublished":"2018-04-12T14:55:54+00:00","dateModified":"2024-12-11T07:40:14+00:00","description":"Discover the magic of the gypsy \"zambra\" in the Sacromonte caves. With transfer, guided visit to the Albayzin neighborhood and a drink.","breadcrumb":{"@id":"https:\/\/www.andaluciaexperiencias.com\/en\/flamenco-cuevas-sacromonte\/#breadcrumb"},"inLanguage":"en-UK","potentialAction":[{"@type":"ReadAction","target":["https:\/\/www.andaluciaexperiencias.com\/en\/flamenco-cuevas-sacromonte\/"]}]},{"@type":"BreadcrumbList","@id":"https:\/\/www.andaluciaexperiencias.com\/en\/flamenco-cuevas-sacromonte\/#breadcrumb","itemListElement":[{"@type":"ListItem","position":1,"name":"Portada","item":"https:\/\/www.andaluciaexperiencias.com\/en\/"},{"@type":"ListItem","position":2,"name":"FLAMENCO IN SACROMONTE CAVES"}]},{"@type":"WebSite","@id":"https:\/\/www.andaluciaexperiencias.com\/#website","url":"https:\/\/www.andaluciaexperiencias.com\/","name":"Andaluc\u00eda Experiencias","description":"Viajes a medida a Andaluc\u00eda","publisher":{"@id":"https:\/\/www.andaluciaexperiencias.com\/#organization"},"potentialAction":[{"@type":"SearchAction","target":{"@type":"EntryPoint","urlTemplate":"https:\/\/www.andaluciaexperiencias.com\/?s={search_term_string}"},"query-input":{"@type":"PropertyValueSpecification","valueRequired":true,"valueName":"search_term_string"}}],"inLanguage":"en-UK"},{"@type":"Organization","@id":"https:\/\/www.andaluciaexperiencias.com\/#organization","name":"Andalucia Experiencias","url":"https:\/\/www.andaluciaexperiencias.com\/","logo":{"@type":"ImageObject","inLanguage":"en-UK","@id":"https:\/\/www.andaluciaexperiencias.com\/#\/schema\/logo\/image\/","url":"https:\/\/www.andaluciaexperiencias.com\/wp-content\/uploads\/2017\/04\/logo-1.jpg","contentUrl":"https:\/\/www.andaluciaexperiencias.com\/wp-content\/uploads\/2017\/04\/logo-1.jpg","width":650,"height":200,"caption":"Andalucia Experiencias"},"image":{"@id":"https:\/\/www.andaluciaexperiencias.com\/#\/schema\/logo\/image\/"},"sameAs":["https:\/\/www.facebook.com\/AndaluciaExperiencias\/","https:\/\/x.com\/AndaluciaEx","https:\/\/www.instagram.com\/andalucia_experiencias\/?hl=es","https:\/\/es.pinterest.com\/grupoedutravel\/"]}]}},"_links":{"self":[{"href":"https:\/\/www.andaluciaexperiencias.com\/en\/wp-json\/wp\/v2\/pages\/7469","targetHints":{"allow":["GET"]}}],"collection":[{"href":"https:\/\/www.andaluciaexperiencias.com\/en\/wp-json\/wp\/v2\/pages"}],"about":[{"href":"https:\/\/www.andaluciaexperiencias.com\/en\/wp-json\/wp\/v2\/types\/page"}],"author":[{"embeddable":true,"href":"https:\/\/www.andaluciaexperiencias.com\/en\/wp-json\/wp\/v2\/users\/1"}],"replies":[{"embeddable":true,"href":"https:\/\/www.andaluciaexperiencias.com\/en\/wp-json\/wp\/v2\/comments?post=7469"}],"version-history":[{"count":25,"href":"https:\/\/www.andaluciaexperiencias.com\/en\/wp-json\/wp\/v2\/pages\/7469\/revisions"}],"predecessor-version":[{"id":32078,"href":"https:\/\/www.andaluciaexperiencias.com\/en\/wp-json\/wp\/v2\/pages\/7469\/revisions\/32078"}],"wp:attachment":[{"href":"https:\/\/www.andaluciaexperiencias.com\/en\/wp-json\/wp\/v2\/media?parent=7469"}],"curies":[{"name":"wp","href":"https:\/\/api.w.org\/{rel}","templated":true}]}}