{"id":30040,"date":"2024-02-07T09:37:01","date_gmt":"2024-02-07T09:37:01","guid":{"rendered":"https:\/\/www.andaluciaexperiencias.com\/?page_id=30040"},"modified":"2025-02-03T23:21:32","modified_gmt":"2025-02-03T23:21:32","slug":"about-us","status":"publish","type":"page","link":"https:\/\/www.andaluciaexperiencias.com\/en\/about-us\/","title":{"rendered":"About us"},"content":{"rendered":"<p>[et_pb_section fb_built=&#8221;1&#8243; fullwidth=&#8221;on&#8221; _builder_version=&#8221;4.24.0&#8243; _module_preset=&#8221;default&#8221; global_colors_info=&#8221;{}&#8221;][et_pb_fullwidth_image src=&#8221;https:\/\/www.andaluciaexperiencias.com\/wp-content\/uploads\/2024\/01\/1705943194850.jpeg&#8221; title_text=&#8221;Iznajar&#8221; _builder_version=&#8221;4.24.0&#8243; _module_preset=&#8221;default&#8221; global_colors_info=&#8221;{}&#8221;][\/et_pb_fullwidth_image][\/et_pb_section][et_pb_section fb_built=&#8221;1&#8243; _builder_version=&#8221;4.24.0&#8243; _module_preset=&#8221;default&#8221; global_colors_info=&#8221;{}&#8221;][et_pb_row column_structure=&#8221;1_2,1_2&#8243; _builder_version=&#8221;4.24.0&#8243; _module_preset=&#8221;default&#8221; custom_padding=&#8221;||52px|||&#8221; global_colors_info=&#8221;{}&#8221;][et_pb_column type=&#8221;1_2&#8243; _builder_version=&#8221;4.24.0&#8243; _module_preset=&#8221;default&#8221; global_colors_info=&#8221;{}&#8221;][et_pb_text _builder_version=&#8221;4.24.0&#8243; _module_preset=&#8221;default&#8221; hover_enabled=&#8221;0&#8243; global_colors_info=&#8221;{}&#8221; header_font=&#8221;Cinzel||||||||&#8221; text_font=&#8221;Cinzel||||||||&#8221; width=&#8221;100%&#8221; header_3_font_size=&#8221;26px&#8221; max_width=&#8221;100%&#8221; module_alignment=&#8221;right&#8221; sticky_enabled=&#8221;0&#8243;]<\/p>\n<p style=\"text-align: right;\"><span style=\"color: #000000;\">Andaluc\u00eda Experiencias was created more than 15 years ago for a fundamental purpose: To show the authenticity of Andalusia, outside of stereotypes and beyond the traditional visits to big cities.<\/span><\/p>\n<p style=\"text-align: right;\"><span style=\"color: #000000;\">\u00a0<\/span><\/p>\n<p style=\"text-align: right;\"><span style=\"color: #000000;\">There are many Andalusias and each of them is totally different from each other. Unique. The Alpujarra, the Axarqu\u00eda or the Janda region\u2026<\/span><\/p>\n<p style=\"text-align: right;\"><span style=\"color: #000000;\">Walking through old Moorish streets, learning about the art of guadamec\u00ed or stopping to photograph Cape de las Sirenas, are experiences that not everyone can or knows how to do.<\/span><\/p>\n<h4><span>\u00a0<\/span><\/h4>\n<p>&nbsp;<\/p>\n<blockquote>\n<p>Luc\u00eda Barrasa<\/p>\n<p>CEO \u2013 Bookings and Administration<\/p>\n<p>Tourism Guide<\/p>\n<p>Passionate about hiking routes and the history of Al-Andalus.<\/p>\n<\/blockquote>\n<p>[\/et_pb_text][\/et_pb_column][et_pb_column type=&#8221;1_2&#8243; _builder_version=&#8221;4.24.0&#8243; _module_preset=&#8221;default&#8221; global_colors_info=&#8221;{}&#8221;][et_pb_gallery _builder_version=&#8221;4.24.0&#8243; _module_preset=&#8221;default&#8221; fullwidth=&#8221;on&#8221; auto=&#8221;on&#8221; auto_speed=&#8221;2000&#8243; hover_enabled=&#8221;0&#8243; sticky_enabled=&#8221;0&#8243; gallery_ids=&#8221;32674,32677,32683,32688&#8243;][\/et_pb_gallery][\/et_pb_column][\/et_pb_row][et_pb_row column_structure=&#8221;1_2,1_2&#8243; _builder_version=&#8221;4.24.0&#8243; _module_preset=&#8221;default&#8221; custom_padding=&#8221;||97px|||&#8221; global_colors_info=&#8221;{}&#8221;][et_pb_column type=&#8221;1_2&#8243; _builder_version=&#8221;4.24.0&#8243; _module_preset=&#8221;default&#8221; global_colors_info=&#8221;{}&#8221;][et_pb_gallery _builder_version=&#8221;4.24.0&#8243; _module_preset=&#8221;default&#8221; fullwidth=&#8221;on&#8221; auto=&#8221;on&#8221; auto_speed=&#8221;2000&#8243; gallery_ids=&#8221;32691,32694,32700,32697&#8243; hover_enabled=&#8221;0&#8243; sticky_enabled=&#8221;0&#8243;][\/et_pb_gallery][\/et_pb_column][et_pb_column type=&#8221;1_2&#8243; _builder_version=&#8221;4.24.0&#8243; _module_preset=&#8221;default&#8221; global_colors_info=&#8221;{}&#8221;][et_pb_text _builder_version=&#8221;4.24.0&#8243; _module_preset=&#8221;default&#8221; custom_margin=&#8221;31px|||||&#8221; hover_enabled=&#8221;0&#8243; global_colors_info=&#8221;{}&#8221; text_font=&#8221;Cinzel||||||||&#8221; sticky_enabled=&#8221;0&#8243;]<\/p>\n<p><span style=\"color: #000000;\">Luc\u00eda and Miguel \u00c1ngel take the reins of Andaluc\u00eda Experiencias in October 2023 after more than 11 years working in advising and guiding international and national clients in the company.<\/span><br \/><span style=\"color: #000000;\">That experience, in addition to being Andalusian, the soul of Andaluc\u00eda Experiencias is imbued with their ways of seeing the land that saw them born in each reservation, in each advice or each product they create.<\/span><\/p>\n<h4><\/h4>\n<h4><\/h4>\n<h4><\/h4>\n<p><span style=\"color: #000000;\">Trained in Tourism and History, they have been traveling through Spain for more than 20 years to create the best experiences and enjoy the authentic. But it is without a doubt the team that together forms this great family, the engine that makes the Andaluc\u00eda Experiencias project roll.<\/span><\/p>\n<p><span><\/span><\/p>\n<p><span><\/span><\/p>\n<blockquote>\n<p><span>Miguel \u00c1ngel G\u00f3mez<\/span><\/p>\n<p>CEO \u2013 Bookings and Team Leader<br \/><span><\/span><\/p>\n<p>&nbsp;<\/p>\n<p>History of Art and Tourism Guide<\/p>\n<p>Amateur photographer and member of the Andalusian Federation of Photography<\/p>\n<\/blockquote>\n<p>[\/et_pb_text][\/et_pb_column][\/et_pb_row][et_pb_row _builder_version=&#8221;4.24.0&#8243; _module_preset=&#8221;default&#8221; global_colors_info=&#8221;{}&#8221;][et_pb_column type=&#8221;4_4&#8243; _builder_version=&#8221;4.24.0&#8243; _module_preset=&#8221;default&#8221; global_colors_info=&#8221;{}&#8221;][et_pb_text _builder_version=&#8221;4.24.0&#8243; _module_preset=&#8221;default&#8221; hover_enabled=&#8221;0&#8243; global_colors_info=&#8221;{}&#8221; text_font=&#8221;Cinzel||||||||&#8221; text_font_size=&#8221;20px&#8221; sticky_enabled=&#8221;0&#8243;]<\/p>\n<p style=\"text-align: center;\"><span style=\"color: #000000;\"><em>\u201cA luxury trip is not so much about ostentation or high-end products, but rather refers to the experience, to something intangible. Each person lives and feels it with a different meaning. It is definitely a perception that has changed over time.\u201d<\/em><\/span><\/p>\n<p>[\/et_pb_text][\/et_pb_column][\/et_pb_row][\/et_pb_section]<\/p>\n","protected":false},"excerpt":{"rendered":"<p>Andaluc\u00eda Experiencias was created more than 15 years ago for a fundamental purpose: To show the authenticity of Andalusia, outside of stereotypes and beyond the traditional visits to big cities. \u00a0 There are many Andalusias and each of them is totally different from each other. Unique. The Alpujarra, the Axarqu\u00eda or the Janda region\u2026 Walking [&hellip;]<\/p>\n","protected":false},"author":1,"featured_media":0,"parent":0,"menu_order":0,"comment_status":"closed","ping_status":"closed","template":"","meta":{"_et_pb_use_builder":"on","_et_pb_old_content":"","_et_gb_content_width":"","_monsterinsights_skip_tracking":false,"_monsterinsights_sitenote_active":false,"_monsterinsights_sitenote_note":"","_monsterinsights_sitenote_category":0,"_joinchat":[],"footnotes":""},"class_list":["post-30040","page","type-page","status-publish","hentry"],"yoast_head":"<!-- This site is optimized with the Yoast SEO Premium plugin v27.0 (Yoast SEO v27.0) - https:\/\/yoast.com\/product\/yoast-seo-premium-wordpress\/ -->\n<title>About us - Andaluc\u00eda Experiencias<\/title>\n<meta name=\"robots\" content=\"index, follow, max-snippet:-1, max-image-preview:large, max-video-preview:-1\" \/>\n<link rel=\"canonical\" href=\"https:\/\/www.andaluciaexperiencias.com\/en\/about-us\/\" \/>\n<meta property=\"og:locale\" content=\"en_US\" \/>\n<meta property=\"og:type\" content=\"article\" \/>\n<meta property=\"og:title\" content=\"About us\" \/>\n<meta property=\"og:description\" content=\"Andaluc\u00eda Experiencias was created more than 15 years ago for a fundamental purpose: To show the authenticity of Andalusia, outside of stereotypes and beyond the traditional visits to big cities. \u00a0 There are many Andalusias and each of them is totally different from each other. Unique. The Alpujarra, the Axarqu\u00eda or the Janda region\u2026 Walking [&hellip;]\" \/>\n<meta property=\"og:url\" content=\"https:\/\/www.andaluciaexperiencias.com\/en\/about-us\/\" \/>\n<meta property=\"og:site_name\" content=\"Andaluc\u00eda Experiencias\" \/>\n<meta property=\"article:publisher\" content=\"https:\/\/www.facebook.com\/AndaluciaExperiencias\/\" \/>\n<meta property=\"article:modified_time\" content=\"2025-02-03T23:21:32+00:00\" \/>\n<meta name=\"twitter:card\" content=\"summary_large_image\" \/>\n<meta name=\"twitter:site\" content=\"@AndaluciaEx\" \/>\n<script type=\"application\/ld+json\" class=\"yoast-schema-graph\">{\"@context\":\"https:\/\/schema.org\",\"@graph\":[{\"@type\":\"WebPage\",\"@id\":\"https:\/\/www.andaluciaexperiencias.com\/en\/about-us\/\",\"url\":\"https:\/\/www.andaluciaexperiencias.com\/en\/about-us\/\",\"name\":\"About us - Andaluc\u00eda Experiencias\",\"isPartOf\":{\"@id\":\"https:\/\/www.andaluciaexperiencias.com\/#website\"},\"datePublished\":\"2024-02-07T09:37:01+00:00\",\"dateModified\":\"2025-02-03T23:21:32+00:00\",\"breadcrumb\":{\"@id\":\"https:\/\/www.andaluciaexperiencias.com\/en\/about-us\/#breadcrumb\"},\"inLanguage\":\"en-UK\",\"potentialAction\":[{\"@type\":\"ReadAction\",\"target\":[\"https:\/\/www.andaluciaexperiencias.com\/en\/about-us\/\"]}]},{\"@type\":\"BreadcrumbList\",\"@id\":\"https:\/\/www.andaluciaexperiencias.com\/en\/about-us\/#breadcrumb\",\"itemListElement\":[{\"@type\":\"ListItem\",\"position\":1,\"name\":\"Portada\",\"item\":\"https:\/\/www.andaluciaexperiencias.com\/en\/\"},{\"@type\":\"ListItem\",\"position\":2,\"name\":\"About us\"}]},{\"@type\":\"WebSite\",\"@id\":\"https:\/\/www.andaluciaexperiencias.com\/#website\",\"url\":\"https:\/\/www.andaluciaexperiencias.com\/\",\"name\":\"Andaluc\u00eda Experiencias\",\"description\":\"Viajes a medida a Andaluc\u00eda\",\"publisher\":{\"@id\":\"https:\/\/www.andaluciaexperiencias.com\/#organization\"},\"potentialAction\":[{\"@type\":\"SearchAction\",\"target\":{\"@type\":\"EntryPoint\",\"urlTemplate\":\"https:\/\/www.andaluciaexperiencias.com\/?s={search_term_string}\"},\"query-input\":{\"@type\":\"PropertyValueSpecification\",\"valueRequired\":true,\"valueName\":\"search_term_string\"}}],\"inLanguage\":\"en-UK\"},{\"@type\":\"Organization\",\"@id\":\"https:\/\/www.andaluciaexperiencias.com\/#organization\",\"name\":\"Andalucia Experiencias\",\"url\":\"https:\/\/www.andaluciaexperiencias.com\/\",\"logo\":{\"@type\":\"ImageObject\",\"inLanguage\":\"en-UK\",\"@id\":\"https:\/\/www.andaluciaexperiencias.com\/#\/schema\/logo\/image\/\",\"url\":\"https:\/\/www.andaluciaexperiencias.com\/wp-content\/uploads\/2017\/04\/logo-1.jpg\",\"contentUrl\":\"https:\/\/www.andaluciaexperiencias.com\/wp-content\/uploads\/2017\/04\/logo-1.jpg\",\"width\":650,\"height\":200,\"caption\":\"Andalucia Experiencias\"},\"image\":{\"@id\":\"https:\/\/www.andaluciaexperiencias.com\/#\/schema\/logo\/image\/\"},\"sameAs\":[\"https:\/\/www.facebook.com\/AndaluciaExperiencias\/\",\"https:\/\/x.com\/AndaluciaEx\",\"https:\/\/www.instagram.com\/andalucia_experiencias\/?hl=es\",\"https:\/\/es.pinterest.com\/grupoedutravel\/\"]}]}<\/script>\n<!-- \/ Yoast SEO Premium plugin. -->","yoast_head_json":{"title":"About us - Andaluc\u00eda Experiencias","robots":{"index":"index","follow":"follow","max-snippet":"max-snippet:-1","max-image-preview":"max-image-preview:large","max-video-preview":"max-video-preview:-1"},"canonical":"https:\/\/www.andaluciaexperiencias.com\/en\/about-us\/","og_locale":"en_US","og_type":"article","og_title":"About us","og_description":"Andaluc\u00eda Experiencias was created more than 15 years ago for a fundamental purpose: To show the authenticity of Andalusia, outside of stereotypes and beyond the traditional visits to big cities. \u00a0 There are many Andalusias and each of them is totally different from each other. Unique. The Alpujarra, the Axarqu\u00eda or the Janda region\u2026 Walking [&hellip;]","og_url":"https:\/\/www.andaluciaexperiencias.com\/en\/about-us\/","og_site_name":"Andaluc\u00eda Experiencias","article_publisher":"https:\/\/www.facebook.com\/AndaluciaExperiencias\/","article_modified_time":"2025-02-03T23:21:32+00:00","twitter_card":"summary_large_image","twitter_site":"@AndaluciaEx","schema":{"@context":"https:\/\/schema.org","@graph":[{"@type":"WebPage","@id":"https:\/\/www.andaluciaexperiencias.com\/en\/about-us\/","url":"https:\/\/www.andaluciaexperiencias.com\/en\/about-us\/","name":"About us - Andaluc\u00eda Experiencias","isPartOf":{"@id":"https:\/\/www.andaluciaexperiencias.com\/#website"},"datePublished":"2024-02-07T09:37:01+00:00","dateModified":"2025-02-03T23:21:32+00:00","breadcrumb":{"@id":"https:\/\/www.andaluciaexperiencias.com\/en\/about-us\/#breadcrumb"},"inLanguage":"en-UK","potentialAction":[{"@type":"ReadAction","target":["https:\/\/www.andaluciaexperiencias.com\/en\/about-us\/"]}]},{"@type":"BreadcrumbList","@id":"https:\/\/www.andaluciaexperiencias.com\/en\/about-us\/#breadcrumb","itemListElement":[{"@type":"ListItem","position":1,"name":"Portada","item":"https:\/\/www.andaluciaexperiencias.com\/en\/"},{"@type":"ListItem","position":2,"name":"About us"}]},{"@type":"WebSite","@id":"https:\/\/www.andaluciaexperiencias.com\/#website","url":"https:\/\/www.andaluciaexperiencias.com\/","name":"Andaluc\u00eda Experiencias","description":"Viajes a medida a Andaluc\u00eda","publisher":{"@id":"https:\/\/www.andaluciaexperiencias.com\/#organization"},"potentialAction":[{"@type":"SearchAction","target":{"@type":"EntryPoint","urlTemplate":"https:\/\/www.andaluciaexperiencias.com\/?s={search_term_string}"},"query-input":{"@type":"PropertyValueSpecification","valueRequired":true,"valueName":"search_term_string"}}],"inLanguage":"en-UK"},{"@type":"Organization","@id":"https:\/\/www.andaluciaexperiencias.com\/#organization","name":"Andalucia Experiencias","url":"https:\/\/www.andaluciaexperiencias.com\/","logo":{"@type":"ImageObject","inLanguage":"en-UK","@id":"https:\/\/www.andaluciaexperiencias.com\/#\/schema\/logo\/image\/","url":"https:\/\/www.andaluciaexperiencias.com\/wp-content\/uploads\/2017\/04\/logo-1.jpg","contentUrl":"https:\/\/www.andaluciaexperiencias.com\/wp-content\/uploads\/2017\/04\/logo-1.jpg","width":650,"height":200,"caption":"Andalucia Experiencias"},"image":{"@id":"https:\/\/www.andaluciaexperiencias.com\/#\/schema\/logo\/image\/"},"sameAs":["https:\/\/www.facebook.com\/AndaluciaExperiencias\/","https:\/\/x.com\/AndaluciaEx","https:\/\/www.instagram.com\/andalucia_experiencias\/?hl=es","https:\/\/es.pinterest.com\/grupoedutravel\/"]}]}},"_links":{"self":[{"href":"https:\/\/www.andaluciaexperiencias.com\/en\/wp-json\/wp\/v2\/pages\/30040","targetHints":{"allow":["GET"]}}],"collection":[{"href":"https:\/\/www.andaluciaexperiencias.com\/en\/wp-json\/wp\/v2\/pages"}],"about":[{"href":"https:\/\/www.andaluciaexperiencias.com\/en\/wp-json\/wp\/v2\/types\/page"}],"author":[{"embeddable":true,"href":"https:\/\/www.andaluciaexperiencias.com\/en\/wp-json\/wp\/v2\/users\/1"}],"replies":[{"embeddable":true,"href":"https:\/\/www.andaluciaexperiencias.com\/en\/wp-json\/wp\/v2\/comments?post=30040"}],"version-history":[{"count":5,"href":"https:\/\/www.andaluciaexperiencias.com\/en\/wp-json\/wp\/v2\/pages\/30040\/revisions"}],"predecessor-version":[{"id":32823,"href":"https:\/\/www.andaluciaexperiencias.com\/en\/wp-json\/wp\/v2\/pages\/30040\/revisions\/32823"}],"wp:attachment":[{"href":"https:\/\/www.andaluciaexperiencias.com\/en\/wp-json\/wp\/v2\/media?parent=30040"}],"curies":[{"name":"wp","href":"https:\/\/api.w.org\/{rel}","templated":true}]}}